{"id":1099,"date":"2016-05-02T15:15:03","date_gmt":"2016-05-02T13:15:03","guid":{"rendered":"http:\/\/www.borgosangiusto.it\/fr\/link-numeri-utili\/"},"modified":"2016-07-27T10:15:57","modified_gmt":"2016-07-27T08:15:57","slug":"liens-numeros-utiles","status":"publish","type":"page","link":"https:\/\/www.borgosangiusto.it\/fr\/liens-numeros-utiles\/","title":{"rendered":"Liens et num\u00e9ros utiles"},"content":{"rendered":"<p>[vc_row css=&#8221;.vc_custom_1462195191665{margin-top: 0px !important;margin-bottom: 0px !important;border-top-width: 0px !important;border-bottom-width: 0px !important;padding-top: 0px !important;padding-bottom: 0px !important;}&#8221;][vc_column width=&#8221;2\/3&#8243;][vc_column_text]<\/p>\n<h2><strong>Liens et num\u00e9ros utiles<\/strong><\/h2>\n<p><strong>118<\/strong> Assistance m\u00e9dicale<br \/>\n<strong>115<\/strong> Pompiers<br \/>\n<strong>113<\/strong> Police<br \/>\n<strong>112<\/strong> Carabiniers<br \/>\n<strong>+39 0571 9411<\/strong> Urgences<\/p>\n<p><strong>+39 055 30615<\/strong> A\u00e9roport de Florence Peretola<br \/>\n<strong>+39 050 849111<\/strong> A\u00e9roport de Pise G. Galilei<br \/>\n<strong>+39 0571 73100<\/strong> Taxi<br \/>\n<strong>+39 0571 960219<\/strong> Location de voitures Camion Mercato<\/p>\n<p><strong>P\u00d4LE DE MUS\u00c9ES DE FLORENCE<\/strong><br \/>\n<a href=\"http:\/\/www.firenzemusei.it\" target=\"_blank\">www.firenzemusei.it<\/a><br \/>\n<a href=\"http:\/\/www.polomuseale.firenze.it\/index.html\" target=\"_blank\">www.polomuseale.firenze.it<\/a>[\/vc_column_text][\/vc_column][vc_column width=&#8221;1\/3&#8243;][\/vc_column][\/vc_row]<\/p>\n","protected":false},"excerpt":{"rendered":"<p>[vc_row css=&#8221;.vc_custom_1462195191665{margin-top: 0px !important;margin-bottom: 0px !important;border-top-width: 0px !important;border-bottom-width: 0px !important;padding-top: 0px !important;padding-bottom: 0px !important;}&#8221;][vc_column width=&#8221;2\/3&#8243;][vc_column_text] Liens et num\u00e9ros utiles 118 Assistance m\u00e9dicale 115 Pompiers 113 Police 112 Carabiniers +39 0571 9411 Urgences +39 055 30615 A\u00e9roport de Florence Peretola +39 050 849111 A\u00e9roport de Pise G. Galilei +39 0571 73100 Taxi +39 0571 960219 Location [&hellip;]<\/p>\n","protected":false},"author":1,"featured_media":0,"parent":0,"menu_order":0,"comment_status":"closed","ping_status":"closed","template":"","meta":{"footnotes":""},"_links":{"self":[{"href":"https:\/\/www.borgosangiusto.it\/fr\/wp-json\/wp\/v2\/pages\/1099"}],"collection":[{"href":"https:\/\/www.borgosangiusto.it\/fr\/wp-json\/wp\/v2\/pages"}],"about":[{"href":"https:\/\/www.borgosangiusto.it\/fr\/wp-json\/wp\/v2\/types\/page"}],"author":[{"embeddable":true,"href":"https:\/\/www.borgosangiusto.it\/fr\/wp-json\/wp\/v2\/users\/1"}],"replies":[{"embeddable":true,"href":"https:\/\/www.borgosangiusto.it\/fr\/wp-json\/wp\/v2\/comments?post=1099"}],"version-history":[{"count":3,"href":"https:\/\/www.borgosangiusto.it\/fr\/wp-json\/wp\/v2\/pages\/1099\/revisions"}],"predecessor-version":[{"id":1102,"href":"https:\/\/www.borgosangiusto.it\/fr\/wp-json\/wp\/v2\/pages\/1099\/revisions\/1102"}],"wp:attachment":[{"href":"https:\/\/www.borgosangiusto.it\/fr\/wp-json\/wp\/v2\/media?parent=1099"}],"curies":[{"name":"wp","href":"https:\/\/api.w.org\/{rel}","templated":true}]}}