{"id":1093,"date":"2015-10-27T06:52:02","date_gmt":"2015-10-27T06:52:02","guid":{"rendered":"http:\/\/www.borgosangiusto.it\/fr\/info-contatti\/"},"modified":"2024-07-04T14:24:59","modified_gmt":"2024-07-04T12:24:59","slug":"informations-contacts","status":"publish","type":"page","link":"https:\/\/www.borgosangiusto.it\/fr\/informations-contacts\/","title":{"rendered":"Informations et contacts"},"content":{"rendered":"<p>[vc_row css=&#8221;.vc_custom_1444666385410{margin-bottom: 30px !important;padding-bottom: 0px !important;}&#8221;][vc_column width=&#8221;1\/2&#8243;][vc_column_text]<iframe loading=\"lazy\" style=\"border: 0;\" src=\"https:\/\/www.google.com\/maps\/embed?pb=!1m18!1m12!1m3!1d2953893.5360801425!2d8.700865879152145!3d43.69679697901731!2m3!1f0!2f0!3f0!3m2!1i1024!2i768!4f13.1!3m3!1m2!1s0x132a685bc53643c3%3A0x7772c2387ad665c8!2sBed+and+Breakfast+Borgo+San+Giusto!5e0!3m2!1sit!2sit!4v1468220971813\" width=\"555\" height=\"370\" frameborder=\"0\" allowfullscreen=\"allowfullscreen\"><\/iframe>[\/vc_column_text][\/vc_column][vc_column width=&#8221;1\/2&#8243;][moon_section_header heading=&#8221;BORGO SAN GIUSTO&#8221;][vc_column_text]Le Borgo San Giusto, en plus d&#8217;\u00eatre panoramique et tranquille, se situe au c\u0153ur de la Toscane, tr\u00e8s proche des villes principales et par cons\u00e9quent facilement rejoignable par tous les moyens. <a href=\"https:\/\/goo.gl\/maps\/6cpttuWBh632\" target=\"_blank\" rel=\"noopener noreferrer\">D\u00e9terminez tout de suite comment rejoindre le Borgo San Giusto!<\/a>[\/vc_column_text][vc_row_inner el_id=&#8221;addr&#8221;][vc_column_inner][moon_section_header heading=&#8221;NOUS CONTACTER&#8221; heading_tag=&#8221;h5&#8243; separator_style=&#8221;separator-none&#8221;][vc_column_text]<\/p>\n<ul>\n<li>Via Salaiola, 151 &#8211; 50053 &#8211; Empoli (Florence) &#8211; ITALY<\/li>\n<li>Tel <a href=\"tel:+3905711720770\">(+39) 0571 1720770<\/a> &#8211; Fax (+39) 0571 1721266<\/li>\n<li>E-mail: <a title=\"Invia una mail al Borgo\" href=\"mailto:info@borgosangiusto.it\">info@borgosangiusto.it<\/a><\/li>\n<li>Skype: <a title=\"Aggiungi il Borgo tra i contatti Skype\" href=\"skype:borgo_san_giusto?add\">borgo_san_giusto<\/a><\/li>\n<\/ul>\n<p>[\/vc_column_text][\/vc_column_inner][\/vc_row_inner][\/vc_column][\/vc_row][vc_row full_width=&#8221;stretch_row&#8221; css=&#8221;.vc_custom_1464614800511{margin-bottom: 70px !important;padding-bottom: 30px !important;background-color: #f3f3f3 !important;}&#8221;][vc_column width=&#8221;2\/3&#8243;][moon_section_header heading=&#8221;NOUS REJOINDRE&#8221;][vc_column_text]<strong>En voiture:<\/strong><br \/>\nDepuis Florence ou Pise, prendre la S.G.C. Florence-Pise-Livourne et sortir \u00e0 Empoli Centre, puis suivre les indications pour vous rendre \u00e0 la gare. Peu avant d&#8217;arriver \u00e0 la gare, prendre le passage souterrain (direction Montespertoli) et traverser la Via dei Cappuccini sur environ 500 m, au rond-point, prendre la deuxi\u00e8me sortie pour Corniola. Apr\u00e8s environ 1 km, bifurquer \u00e0 gauche (direction Monterappoli), apr\u00e8s environ 600 m, vous arrivez au Borgo San Giusto.<\/p>\n<p><strong>En train:<\/strong><br \/>\nLa gare d&#8217;Empoli se trouve le long de la ligne ferroviaire Florence-Pise ou Florence-Sienne. Une fois arriv\u00e9 \u00e0 la gare, vous pourrez prendre un taxi (t\u00e9l. 0571 73100) ou bien prendre les transports publics (ligne 05: Empoli-Monterappoli).<\/p>\n<p><strong>Distances principales:<\/strong><br \/>\n&#8211; L&#8217;autoroute A1 (Milan-Naples) est situ\u00e9e \u00e0 20 km (sortie Florence Scandicci)<br \/>\n&#8211; L&#8217;a\u00e9roport A. Vespucci de Florence est situ\u00e9 \u00e0 30 km<br \/>\n&#8211; L&#8217;a\u00e9roport G. Galilei de Pise est situ\u00e9 \u00e0 50 km<br \/>\n&#8211; La gare d&#8217;Empoli est situ\u00e9e \u00e0 seulement 2 km[\/vc_column_text][\/vc_column][vc_column width=&#8221;1\/3&#8243;][\/vc_column][\/vc_row][vc_row css=&#8221;.vc_custom_1444666390889{padding-top: 0px !important;}&#8221;][vc_column width=&#8221;1\/2&#8243;][vc_single_image image=&#8221;874&#8243; img_size=&#8221;full&#8221;][\/vc_column][vc_column width=&#8221;1\/2&#8243;][moon_section_header heading=&#8221;DEMANDEZ DES INFORMATIONS&#8221;]\n<div class=\"wpcf7 no-js\" id=\"wpcf7-f1097-o1\" lang=\"en-US\" dir=\"ltr\">\n<div class=\"screen-reader-response\"><p role=\"status\" aria-live=\"polite\" aria-atomic=\"true\"><\/p> <ul><\/ul><\/div>\n<form action=\"\/fr\/wp-json\/wp\/v2\/pages\/1093#wpcf7-f1097-o1\" method=\"post\" class=\"wpcf7-form init\" aria-label=\"Contact form\" novalidate=\"novalidate\" data-status=\"init\">\n<div style=\"display: none;\">\n<input type=\"hidden\" name=\"_wpcf7\" value=\"1097\" \/>\n<input type=\"hidden\" name=\"_wpcf7_version\" value=\"5.9.6\" \/>\n<input type=\"hidden\" name=\"_wpcf7_locale\" value=\"en_US\" \/>\n<input type=\"hidden\" name=\"_wpcf7_unit_tag\" value=\"wpcf7-f1097-o1\" \/>\n<input type=\"hidden\" name=\"_wpcf7_container_post\" value=\"0\" \/>\n<input type=\"hidden\" name=\"_wpcf7_posted_data_hash\" value=\"\" \/>\n<\/div>\n<p>Nom Pr\u00e9nom *\n<\/p>\n<p><span class=\"wpcf7-form-control-wrap\" data-name=\"your-name\"><input size=\"40\" maxlength=\"80\" class=\"wpcf7-form-control wpcf7-text wpcf7-validates-as-required\" aria-required=\"true\" aria-invalid=\"false\" value=\"\" type=\"text\" name=\"your-name\" \/><\/span>\n<\/p>\n<p>Email *\n<\/p>\n<p><span class=\"wpcf7-form-control-wrap\" data-name=\"your-email\"><input size=\"40\" maxlength=\"80\" class=\"wpcf7-form-control wpcf7-email wpcf7-validates-as-required wpcf7-text wpcf7-validates-as-email\" aria-required=\"true\" aria-invalid=\"false\" value=\"\" type=\"email\" name=\"your-email\" \/><\/span>\n<\/p>\n<p>Message\n<\/p>\n<p><span class=\"wpcf7-form-control-wrap\" data-name=\"your-message\"><textarea cols=\"40\" rows=\"3\" maxlength=\"400\" class=\"wpcf7-form-control wpcf7-textarea\" aria-invalid=\"false\" name=\"your-message\"><\/textarea><\/span>\n<\/p>\n<p><input class=\"wpcf7-form-control wpcf7-submit has-spinner\" type=\"submit\" value=\"ENVOYER\" \/>\n<\/p><div class=\"wpcf7-response-output\" aria-hidden=\"true\"><\/div>\n<\/form>\n<\/div>\n[\/vc_column][\/vc_row]<\/p>\n","protected":false},"excerpt":{"rendered":"<p>[vc_row css=&#8221;.vc_custom_1444666385410{margin-bottom: 30px !important;padding-bottom: 0px !important;}&#8221;][vc_column width=&#8221;1\/2&#8243;][vc_column_text][\/vc_column_text][\/vc_column][vc_column width=&#8221;1\/2&#8243;][moon_section_header heading=&#8221;BORGO SAN GIUSTO&#8221;][vc_column_text]Le Borgo San Giusto, en plus d&#8217;\u00eatre panoramique et tranquille, se situe au c\u0153ur de la Toscane, tr\u00e8s proche des villes principales et par cons\u00e9quent facilement rejoignable par tous les moyens. D\u00e9terminez tout de suite comment rejoindre le Borgo San Giusto![\/vc_column_text][vc_row_inner el_id=&#8221;addr&#8221;][vc_column_inner][moon_section_header heading=&#8221;NOUS CONTACTER&#8221; heading_tag=&#8221;h5&#8243; [&hellip;]<\/p>\n","protected":false},"author":1,"featured_media":0,"parent":0,"menu_order":0,"comment_status":"closed","ping_status":"closed","template":"","meta":{"footnotes":""},"_links":{"self":[{"href":"https:\/\/www.borgosangiusto.it\/fr\/wp-json\/wp\/v2\/pages\/1093"}],"collection":[{"href":"https:\/\/www.borgosangiusto.it\/fr\/wp-json\/wp\/v2\/pages"}],"about":[{"href":"https:\/\/www.borgosangiusto.it\/fr\/wp-json\/wp\/v2\/types\/page"}],"author":[{"embeddable":true,"href":"https:\/\/www.borgosangiusto.it\/fr\/wp-json\/wp\/v2\/users\/1"}],"replies":[{"embeddable":true,"href":"https:\/\/www.borgosangiusto.it\/fr\/wp-json\/wp\/v2\/comments?post=1093"}],"version-history":[{"count":6,"href":"https:\/\/www.borgosangiusto.it\/fr\/wp-json\/wp\/v2\/pages\/1093\/revisions"}],"predecessor-version":[{"id":3065,"href":"https:\/\/www.borgosangiusto.it\/fr\/wp-json\/wp\/v2\/pages\/1093\/revisions\/3065"}],"wp:attachment":[{"href":"https:\/\/www.borgosangiusto.it\/fr\/wp-json\/wp\/v2\/media?parent=1093"}],"curies":[{"name":"wp","href":"https:\/\/api.w.org\/{rel}","templated":true}]}}