{"id":1080,"date":"2016-05-02T14:59:31","date_gmt":"2016-05-02T12:59:31","guid":{"rendered":"http:\/\/www.borgosangiusto.it\/fr\/osteria-donna-riccarda\/"},"modified":"2016-07-26T12:54:17","modified_gmt":"2016-07-26T10:54:17","slug":"osteria-donna-riccarda","status":"publish","type":"page","link":"https:\/\/www.borgosangiusto.it\/fr\/osteria-donna-riccarda\/","title":{"rendered":"Osteria Donna Riccarda"},"content":{"rendered":"<p>[vc_row css=&#8221;.vc_custom_1467986463920{margin-bottom: 0px !important;border-bottom-width: 0px !important;padding-bottom: 50px !important;}&#8221;][vc_column width=&#8221;1\/2&#8243;][moon_section_header heading=&#8221;OSTERIA DONNA RICCARDA&#8221;][vc_row_inner][vc_column_inner width=&#8221;1\/2&#8243;][vc_column_text]Le restaurant \u00e0 l&#8217;int\u00e9rieur du Borgo San Giusto est un environnement tr\u00e8s accueillant, soign\u00e9, raffin\u00e9 et en m\u00eame temps rustique. Le lieu respire la grande tradition de la terre de Toscane avec une int\u00e9gration parfaite entre le territoire et ses produits. Il y est possible de savourer les sp\u00e9cialit\u00e9s toscanes avec des plats typiques \u00e0 base de gibier ainsi que des entrec\u00f4tes \u00e0 la florentine cuites au feu de bois dans le meilleur respect de la tradition.[\/vc_column_text][\/vc_column_inner][vc_column_inner width=&#8221;1\/2&#8243;][vc_column_text]<strong>HORAIRES D&#8217;OUVERTURE<\/strong><br \/>\nDu mardi au dimanche: 19:30\u201322:00<br \/>\nOuvert le dimanche \u00e9galement \u00e0 midi<br \/>\n[\/vc_column_text][vc_column_text][\/vc_column_text][\/vc_column_inner][\/vc_row_inner][\/vc_column][vc_column width=&#8221;1\/4&#8243;][vc_single_image image=&#8221;692&#8243; img_size=&#8221;full&#8221; alignment=&#8221;center&#8221;][\/vc_column][vc_column width=&#8221;1\/4&#8243;][vc_single_image image=&#8221;693&#8243; img_size=&#8221;full&#8221; alignment=&#8221;center&#8221;][\/vc_column][\/vc_row]<\/p>\n","protected":false},"excerpt":{"rendered":"<p>[vc_row css=&#8221;.vc_custom_1467986463920{margin-bottom: 0px !important;border-bottom-width: 0px !important;padding-bottom: 50px !important;}&#8221;][vc_column width=&#8221;1\/2&#8243;][moon_section_header heading=&#8221;OSTERIA DONNA RICCARDA&#8221;][vc_row_inner][vc_column_inner width=&#8221;1\/2&#8243;][vc_column_text]Le restaurant \u00e0 l&#8217;int\u00e9rieur du Borgo San Giusto est un environnement tr\u00e8s accueillant, soign\u00e9, raffin\u00e9 et en m\u00eame temps rustique. Le lieu respire la grande tradition de la terre de Toscane avec une int\u00e9gration parfaite entre le territoire et ses produits. Il y [&hellip;]<\/p>\n","protected":false},"author":1,"featured_media":0,"parent":0,"menu_order":0,"comment_status":"closed","ping_status":"closed","template":"","meta":{"footnotes":""},"_links":{"self":[{"href":"https:\/\/www.borgosangiusto.it\/fr\/wp-json\/wp\/v2\/pages\/1080"}],"collection":[{"href":"https:\/\/www.borgosangiusto.it\/fr\/wp-json\/wp\/v2\/pages"}],"about":[{"href":"https:\/\/www.borgosangiusto.it\/fr\/wp-json\/wp\/v2\/types\/page"}],"author":[{"embeddable":true,"href":"https:\/\/www.borgosangiusto.it\/fr\/wp-json\/wp\/v2\/users\/1"}],"replies":[{"embeddable":true,"href":"https:\/\/www.borgosangiusto.it\/fr\/wp-json\/wp\/v2\/comments?post=1080"}],"version-history":[{"count":2,"href":"https:\/\/www.borgosangiusto.it\/fr\/wp-json\/wp\/v2\/pages\/1080\/revisions"}],"predecessor-version":[{"id":1082,"href":"https:\/\/www.borgosangiusto.it\/fr\/wp-json\/wp\/v2\/pages\/1080\/revisions\/1082"}],"wp:attachment":[{"href":"https:\/\/www.borgosangiusto.it\/fr\/wp-json\/wp\/v2\/media?parent=1080"}],"curies":[{"name":"wp","href":"https:\/\/api.w.org\/{rel}","templated":true}]}}