{"id":1077,"date":"2016-04-27T14:12:05","date_gmt":"2016-04-27T12:12:05","guid":{"rendered":"http:\/\/www.borgosangiusto.it\/fr\/winebar\/"},"modified":"2016-07-26T12:47:32","modified_gmt":"2016-07-26T10:47:32","slug":"botteghina","status":"publish","type":"page","link":"https:\/\/www.borgosangiusto.it\/fr\/botteghina\/","title":{"rendered":"La Botteghina"},"content":{"rendered":"<p>[vc_row css=&#8221;.vc_custom_1462193774889{margin-bottom: 0px !important;border-bottom-width: 0px !important;padding-bottom: 10px !important;}&#8221;][vc_column width=&#8221;1\/2&#8243;][moon_section_header heading=&#8221;LA BOTTEGHINA&#8221;][vc_row_inner][vc_column_inner width=&#8221;1\/2&#8243;][vc_column_text]Les h\u00f4tes du Borgo pourront d\u00e9guster un d\u00e9licieux petit-d\u00e9jeuner sous forme de buffet dans notre Botteghina dans un environnement chaleureux et accueillant, ou bien en p\u00e9riode estivale, dans le jardin adjacent pour profiter de l&#8217;air frais et du calme du matin.<\/p>\n<p>Chaque matin, nos h\u00f4tes seront enivr\u00e9s par le parfum des brioches, des confitures, du miel, des c\u00e9r\u00e9ales et des yaourts, le tout accompagn\u00e9 de lait, de caf\u00e9 expresso, de th\u00e9, de jus de fruit.<br \/>\n[\/vc_column_text][\/vc_column_inner][vc_column_inner width=&#8221;1\/2&#8243;][vc_column_text]Pour les personnes souhaitant d\u00e9guster autre chose que le traditionnel petit-d\u00e9jeuner italien, un petit-d\u00e9jeuner continental est disponible, celui-ci est compos\u00e9 d&#8217;une vari\u00e9t\u00e9 de charcuteries et de fromages, de pain frais, d&#8217;\u0153ufs et d&#8217;un caf\u00e9 long.<\/p>\n<p>Dans la Botteghina, il est en outre possible d&#8217;acheter directement les produits de la <a href=\"http:\/\/www.fattoriabini.it\/\" target=\"_blank\">Fattoria Bini<\/a>, tout particuli\u00e8rement les vins, le Vinsanto et l&#8217;huile, ou bien de les d\u00e9guster avec une s\u00e9lection de charcuteries et de fromages. [\/vc_column_text][\/vc_column_inner][\/vc_row_inner][\/vc_column][vc_column width=&#8221;1\/4&#8243;][vc_single_image image=&#8221;757&#8243; img_size=&#8221;full&#8221; alignment=&#8221;center&#8221;][\/vc_column][vc_column width=&#8221;1\/4&#8243;][vc_single_image image=&#8221;758&#8243; img_size=&#8221;full&#8221; alignment=&#8221;center&#8221;][\/vc_column][\/vc_row][vc_row full_width=&#8221;stretch_row&#8221; css=&#8221;.vc_custom_1464190317336{margin-bottom: 0px !important;border-bottom-width: 0px !important;padding-bottom: 90px !important;background-color: #f3f3f3 !important;}&#8221;][vc_column css=&#8221;.vc_custom_1443628662319{margin-bottom: 20px !important;}&#8221;][moon_section_header heading=&#8221;D\u00c9GUSTATIONS, AP\u00c9RITIFS ET BRUNCH&#8221;][\/vc_column][vc_column width=&#8221;1\/3&#8243;][vc_column_text]La Botteghina propose diff\u00e9rents parcours de d\u00e9gustation avec des produits de la <a title=\"Fattoria Bini 1802 - produzione vino e olio\" href=\"http:\/\/www.fattoriabini.it\/prodotti.html\" target=\"_blank\">Fattoria Bini<\/a> au cours desquels du personnel qualifi\u00e9 sera pr\u00e9sent pour vous pr\u00e9senter les vins et les plats.<\/p>\n<p>Le brunch est disponible sur demande.[\/vc_column_text][\/vc_column][vc_column width=&#8221;1\/3&#8243;][vc_single_image image=&#8221;755&#8243; img_size=&#8221;full&#8221; alignment=&#8221;center&#8221;][\/vc_column][vc_column width=&#8221;1\/3&#8243;][vc_single_image image=&#8221;264&#8243; img_size=&#8221;full&#8221; alignment=&#8221;center&#8221;][\/vc_column][\/vc_row]<\/p>\n","protected":false},"excerpt":{"rendered":"<p>[vc_row css=&#8221;.vc_custom_1462193774889{margin-bottom: 0px !important;border-bottom-width: 0px !important;padding-bottom: 10px !important;}&#8221;][vc_column width=&#8221;1\/2&#8243;][moon_section_header heading=&#8221;LA BOTTEGHINA&#8221;][vc_row_inner][vc_column_inner width=&#8221;1\/2&#8243;][vc_column_text]Les h\u00f4tes du Borgo pourront d\u00e9guster un d\u00e9licieux petit-d\u00e9jeuner sous forme de buffet dans notre Botteghina dans un environnement chaleureux et accueillant, ou bien en p\u00e9riode estivale, dans le jardin adjacent pour profiter de l&#8217;air frais et du calme du matin. Chaque matin, nos [&hellip;]<\/p>\n","protected":false},"author":1,"featured_media":0,"parent":0,"menu_order":0,"comment_status":"closed","ping_status":"closed","template":"","meta":{"footnotes":""},"_links":{"self":[{"href":"https:\/\/www.borgosangiusto.it\/fr\/wp-json\/wp\/v2\/pages\/1077"}],"collection":[{"href":"https:\/\/www.borgosangiusto.it\/fr\/wp-json\/wp\/v2\/pages"}],"about":[{"href":"https:\/\/www.borgosangiusto.it\/fr\/wp-json\/wp\/v2\/types\/page"}],"author":[{"embeddable":true,"href":"https:\/\/www.borgosangiusto.it\/fr\/wp-json\/wp\/v2\/users\/1"}],"replies":[{"embeddable":true,"href":"https:\/\/www.borgosangiusto.it\/fr\/wp-json\/wp\/v2\/comments?post=1077"}],"version-history":[{"count":2,"href":"https:\/\/www.borgosangiusto.it\/fr\/wp-json\/wp\/v2\/pages\/1077\/revisions"}],"predecessor-version":[{"id":1079,"href":"https:\/\/www.borgosangiusto.it\/fr\/wp-json\/wp\/v2\/pages\/1077\/revisions\/1079"}],"wp:attachment":[{"href":"https:\/\/www.borgosangiusto.it\/fr\/wp-json\/wp\/v2\/media?parent=1077"}],"curies":[{"name":"wp","href":"https:\/\/api.w.org\/{rel}","templated":true}]}}