{"id":1067,"date":"2015-10-27T06:40:01","date_gmt":"2015-10-27T06:40:01","guid":{"rendered":"http:\/\/www.borgosangiusto.it\/fr\/about\/"},"modified":"2021-03-23T18:14:42","modified_gmt":"2021-03-23T17:14:42","slug":"a-propos-de-nous","status":"publish","type":"page","link":"https:\/\/www.borgosangiusto.it\/fr\/a-propos-de-nous\/","title":{"rendered":"A propos de nous"},"content":{"rendered":"<p>[vc_row css=&#8221;.vc_custom_1462376485169{margin-top: 30px !important;padding-top: 50px !important;padding-bottom: 20px !important;}&#8221;][vc_column width=&#8221;1\/2&#8243;][moon_section_header heading=&#8221;BORGO SAN GIUSTO&#8221;][vc_row_inner][vc_column_inner width=&#8221;1\/2&#8243;][vc_column_text]Propri\u00e9t\u00e9 de la famille Bini (connue sous le nom de Mariambini) depuis 1870, ce petit bourg antique, entour\u00e9 par des champs de vigne et d&#8217;oliviers, se situe au c\u0153ur de la ferme de la famille.<\/p>\n<p>Il se trouve \u00e0 la fronti\u00e8re avec la Villa del Terraio construite en 1500, raccord\u00e9 \u00e0 cette derni\u00e8re gr\u00e2ce \u00e0 une majestueuse all\u00e9e de cypr\u00e8s conduisant au parc historique de 10 hectares entourant la villa.[\/vc_column_text][\/vc_column_inner][vc_column_inner width=&#8221;1\/2&#8243;][vc_column_text]La proximit\u00e9 au centre d&#8217;Empoli (2 km) garantit la centralit\u00e9 de sa position, \u00e0 environ 30-40 km des principales villes d&#8217;art telles que Florence, Pise, Sienne, San Gimignano et Volterra. Cette structure est le lieu id\u00e9al aussi bien pour passer de merveilleuses vacances que pour un bref voyage d&#8217;affaires. S\u00e9journer au Borgo San Giusto, c&#8217;est conjuguer la tranquillit\u00e9 de la campagne toscane, riche en art et en histoire, au confort des structures modernes.[\/vc_column_text][\/vc_column_inner][\/vc_row_inner][\/vc_column][vc_column width=&#8221;1\/4&#8243;][vc_single_image image=&#8221;1069&#8243; img_size=&#8221;full&#8221; add_caption=&#8221;yes&#8221; alignment=&#8221;center&#8221;][\/vc_column][vc_column width=&#8221;1\/4&#8243;][vc_single_image image=&#8221;211&#8243; img_size=&#8221;full&#8221; add_caption=&#8221;yes&#8221; alignment=&#8221;center&#8221;][\/vc_column][\/vc_row][vc_row full_width=&#8221;stretch_row&#8221; css=&#8221;.vc_custom_1444676808565{background-color: #f3f3f3 !important;}&#8221;][vc_column css=&#8221;.vc_custom_1443628662319{margin-bottom: 20px !important;}&#8221;][moon_section_header heading=&#8221;L&#8217;\u00c9L\u00c9GANCE EST \u00c0 LA BASE&#8221;][\/vc_column][vc_column width=&#8221;1\/3&#8243;][moon_content_box title=&#8221;S\u00c9JOUR ROMANTIQUE&#8221; text_alignment=&#8221;text-center&#8221; image=&#8221;219&#8243;]Un paysage \u00e0 couper le souffle, un appartement \u00e9l\u00e9gant et un petit spa priv\u00e9: Le Borgo San Giusto offre ce qui se fait de mieux pour les couples d\u00e9sirant vivre un moment romantique en Toscane.[\/moon_content_box][\/vc_column][vc_column width=&#8221;1\/3&#8243;][moon_content_box title=&#8221;VACANCES EN FAMILLE&#8221; text_alignment=&#8221;text-center&#8221; image=&#8221;220&#8243;]Un h\u00e9bergement confortable, spacieux et au style toscan. Les grands espaces \u00e0 l&#8217;ext\u00e9rieur, cl\u00f4tur\u00e9s et d\u00e9pourvus de voitures, font que le Borgo est le lieu parfait pour les personnes voyageant avec des enfants ; le paysage et le soin apport\u00e9 aux d\u00e9tails bichonnent les adultes.[\/moon_content_box][\/vc_column][vc_column width=&#8221;1\/3&#8243;][moon_content_box title=&#8221;VOYAGE D&#8217;AFFAIRES&#8221; text_alignment=&#8221;text-center&#8221; image=&#8221;221&#8243;]Un point d&#8217;appui proche de la zone d&#8217;affaires autour d\u2019Empoli et du val d\u2019Elsa, une chambre r\u00e9serv\u00e9e avec un restaurant annexe offrant \u00e9galement la possibilit\u00e9 de se relaxer au beau milieu de la nature en contemplant la piscine.[\/moon_content_box][\/vc_column][\/vc_row][vc_row][vc_column width=&#8221;1\/2&#8243;][moon_section_header heading=&#8221;POURQUOI NOUS CHOISIR&#8221;][moon_accordion][moon_accordion_item title=&#8221;Une solution \u00e0 diff\u00e9rents besoins&#8221; is_open=&#8221;1&#8243;]Le Borgo San Giusto a eu le plaisir d&#8217;accueillir des VIP dans le cadre de voyages d&#8217;affaires mais \u00e9galement des familles et des couples d\u00e9sireux de trouver un h\u00e9bergement \u00e9l\u00e9gant et confortable pour leur voyage en Toscane. L&#8217;emplacement d&#8217;Empoli le long des principales liaisons \u00e9conomiques de la Toscane fait que le Borgo San Giusto est en outre un lieu parfait comme base logistique pour des voyages d&#8217;affaires.<\/p>\n<p>\u00c9crivez-nous et nous nous efforcerons de trouver les meilleures solutions \u00e0 vos besoins. [\/moon_accordion_item][moon_accordion_item title=&#8221;Personnel aimable, fiable et attentif&#8221; is_open=&#8221;1&#8243;]En lisant les avis que nos h\u00f4tes nous ont laiss\u00e9s, vous d\u00e9couvrirez que l&#8217;attention port\u00e9e vers nos h\u00f4tes est fondamentale dans notre m\u00e9tier. Pourquoi ne jetteriez-vous pas un \u0153il vous-m\u00eame sur TripAdvisor?[\/moon_accordion_item][moon_accordion_item title=&#8221;Un paysage \u00e0 couper le souffle&#8221; is_open=&#8221;1&#8243;]Les murs du Borgo San Giusto ont une histoire antique que nous vous faisons revivre par le biais des activit\u00e9s que nous menons. Les doux versants des collines toscanes entourent le Borgo et rendent le sol fertile, ce qui nous permet de produire nos vins.[\/moon_accordion_item][\/moon_accordion][\/vc_column][vc_column width=&#8221;1\/2&#8243;][moon_section_header heading=&#8221;AVIS SUR TRIPADVISOR.COM&#8221;][moon_testimonial_slider max_height=&#8221;430&#8243;][moon_testimonial_item name=&#8221;Panda_CH&#8221; position=&#8221; H\u00f4te de Gen\u00e8ve, Suisse&#8221; avatar=&#8221;1092&#8243;]La chambre \u00e9tait magnifique, avec baignoire \u00e0 remous en plus de la salle de bain conventionnelle.<br \/>\nLa carte du restaurant \u00e9tait vari\u00e9e et les mets de bonne qualit\u00e9.<br \/>\nLe cadre \u00e9tait buccolique; \u00e0 appr\u00e9cier au bord de la piscine.[\/moon_testimonial_item][moon_testimonial_item name=&#8221;bra s&#8221; position=&#8221;H\u00f4te de Lille, France&#8221; avatar=&#8221;1084&#8243;]Bravo pour ce beau moment qui se trouve au coeur d&#8217;une toscane riche sur de tas de points.<br \/>\nMerci au personnel pour sa sympathie, son \u00e9coute et sa disponibilit\u00e9&#8230;.<br \/>\nMention sp\u00e9ciale pour le petit d\u00e9jeuner un pure bonheur \u00e0 tr\u00e8s vite[\/moon_testimonial_item][moon_testimonial_item name=&#8221;Jean-Christophe L&#8221; position=&#8221;H\u00f4te de Cagnes-sur-Mer, France&#8221; avatar=&#8221;225&#8243;]Rien \u00e0 reprocher pour notre second s\u00e9jour dans cet h\u00f4tel tr\u00e8s agr\u00e9able!<br \/>\nL&#8217;\u00e9quipe est toujours aussi sympathique : merci Barbara et Francesca! De bonne humeur, pr\u00eates \u00e0 vous renseigner et vous aider du matin (petit d\u00e9jeuner excellent) au soir!<br \/>\nVraiment une adresse \u00e0 recommander o\u00f9 nous retournerons c&#8217;est certain!<br \/>\nA bient\u00f4t Borgo San Giusto et Merci![\/moon_testimonial_item][\/moon_testimonial_slider][\/vc_column][\/vc_row]<\/p>\n","protected":false},"excerpt":{"rendered":"<p>[vc_row css=&#8221;.vc_custom_1462376485169{margin-top: 30px !important;padding-top: 50px !important;padding-bottom: 20px !important;}&#8221;][vc_column width=&#8221;1\/2&#8243;][moon_section_header heading=&#8221;BORGO SAN GIUSTO&#8221;][vc_row_inner][vc_column_inner width=&#8221;1\/2&#8243;][vc_column_text]Propri\u00e9t\u00e9 de la famille Bini (connue sous le nom de Mariambini) depuis 1870, ce petit bourg antique, entour\u00e9 par des champs de vigne et d&#8217;oliviers, se situe au c\u0153ur de la ferme de la famille. Il se trouve \u00e0 la fronti\u00e8re avec la [&hellip;]<\/p>\n","protected":false},"author":1,"featured_media":0,"parent":0,"menu_order":0,"comment_status":"closed","ping_status":"closed","template":"","meta":{"footnotes":""},"_links":{"self":[{"href":"https:\/\/www.borgosangiusto.it\/fr\/wp-json\/wp\/v2\/pages\/1067"}],"collection":[{"href":"https:\/\/www.borgosangiusto.it\/fr\/wp-json\/wp\/v2\/pages"}],"about":[{"href":"https:\/\/www.borgosangiusto.it\/fr\/wp-json\/wp\/v2\/types\/page"}],"author":[{"embeddable":true,"href":"https:\/\/www.borgosangiusto.it\/fr\/wp-json\/wp\/v2\/users\/1"}],"replies":[{"embeddable":true,"href":"https:\/\/www.borgosangiusto.it\/fr\/wp-json\/wp\/v2\/comments?post=1067"}],"version-history":[{"count":5,"href":"https:\/\/www.borgosangiusto.it\/fr\/wp-json\/wp\/v2\/pages\/1067\/revisions"}],"predecessor-version":[{"id":1979,"href":"https:\/\/www.borgosangiusto.it\/fr\/wp-json\/wp\/v2\/pages\/1067\/revisions\/1979"}],"wp:attachment":[{"href":"https:\/\/www.borgosangiusto.it\/fr\/wp-json\/wp\/v2\/media?parent=1067"}],"curies":[{"name":"wp","href":"https:\/\/api.w.org\/{rel}","templated":true}]}}