{"id":1060,"date":"2015-10-27T06:24:04","date_gmt":"2015-10-27T06:24:04","guid":{"rendered":"http:\/\/www.borgosangiusto.it\/fr\/home-version-1\/"},"modified":"2021-03-23T14:14:01","modified_gmt":"2021-03-23T13:14:01","slug":"home-version-1","status":"publish","type":"page","link":"https:\/\/www.borgosangiusto.it\/fr\/","title":{"rendered":"Accueil"},"content":{"rendered":"<p>[vc_row full_width=&#8221;stretch_row&#8221; full_height=&#8221;yes&#8221; trans_bg_opacity=&#8221;0&#8243; css=&#8221;.vc_custom_1616410412808{padding-top: 70px !important;padding-bottom: 70px !important;background-image: url(https:\/\/www.borgosangiusto.it\/wp-content\/uploads\/2016\/05\/giardino-borgo-san-giusto-empoli17.jpg?id=395) !important;background-position: center !important;background-repeat: no-repeat !important;background-size: cover !important;}&#8221;][vc_column offset=&#8221;vc_col-xs-7&#8243;][\/vc_column][\/vc_row][vc_row full_width=&#8221;stretch_row_content_no_spaces&#8221; content_placement=&#8221;middle&#8221; css=&#8221;.vc_custom_1465838740392{margin-top: 0px !important;margin-bottom: 0px !important;border-top-width: 0px !important;border-bottom-width: 0px !important;padding-top: 50px !important;padding-bottom: 0px !important;background-color: #f3f3f3 !important;}&#8221;][vc_column width=&#8221;1\/6&#8243;][\/vc_column][vc_column width=&#8221;2\/3&#8243;][moon_section_header heading=&#8221;LE BORGO SAN GIUSTO, SUR LES COLLINES D&#8217;EMPOLI, SE TROUVE \u00c0 UNE POSITION STRAT\u00c9GIQUE POUR LES PERSONNES D\u00c9SIRANT VISITER LES VILLES D&#8217;ART DE TOSCANE.&#8221; heading_tag=&#8221;h3&#8243; separator_style=&#8221;separator-none&#8221; text_alignment=&#8221;text-center&#8221;][vc_column_text]<\/p>\n<p style=\"text-align: center;\">Situ\u00e9 \u00e0 seulement 2,5 km de la gare, id\u00e9al pour rejoindre en train le centre de Florence, Pise, San Miniato, Sienne, Lucca et Pistoia sans avoir \u00e0 prendre la voiture. Apr\u00e8s une journ\u00e9e dans une ville d&#8217;art, rien de plus relaxant qu&#8217;un verre de notre vin, un plongeon dans la piscine et un d\u00eener typiquement toscan dans un restaurant situ\u00e9 \u00e0 l&#8217;int\u00e9rieur du Borgo, renomm\u00e9 pour son entrec\u00f4te \u00e0 la florentine classique.<\/p>\n<p>[\/vc_column_text][\/vc_column][vc_column width=&#8221;1\/6&#8243;][\/vc_column][\/vc_row][vc_row full_width=&#8221;stretch_row_content_no_spaces&#8221; css=&#8221;.vc_custom_1464189651587{margin-top: 0px !important;margin-bottom: 0px !important;border-top-width: 0px !important;border-bottom-width: 0px !important;padding-top: 80px !important;padding-bottom: 0px !important;}&#8221; el_class=&#8221;riga-home2&#8243;][vc_column fit_in_container=&#8221;true&#8221;][moon_room_list style=&#8221;style-2&#8243; max_rooms=&#8221;3&#8243; room_categories=&#8221;apt-suite-fr&#8221; heading=&#8221;LE TOP&#8221; subheading=&#8221;De tr\u00e8s grandes suites meubl\u00e9es avec un style classique et un design moderne. La solution la plus \u00e9l\u00e9gante et spacieuse pour passer des journ\u00e9es de relaxation et de bien-\u00eatre dans les collines toscanes, \u00e0 deux pas des grandes villes.&#8221; css_animation=&#8221;fadeInLeft&#8221; max_room=&#8221;4&#8243; el_class=&#8221;camerehome&#8221;][\/vc_column][\/vc_row][vc_row full_width=&#8221;stretch_row_content_no_spaces&#8221; css=&#8221;.vc_custom_1463211179761{margin-top: 0px !important;margin-bottom: 0px !important;border-top-width: 0px !important;border-bottom-width: 0px !important;padding-top: 0px !important;padding-bottom: 0px !important;}&#8221; el_class=&#8221;riga-home2&#8243;][vc_column fit_in_container=&#8221;true&#8221;][moon_room_list style=&#8221;style-2&#8243; max_rooms=&#8221;3&#8243; room_categories=&#8221;suite-fr&#8221; heading=&#8221;ROMANTIQUE&#8221; subheading=&#8221;Suites pour s\u00e9jour romantique en couple. L&#8217;id\u00e9al si vous cherchez quelque chose de diff\u00e9rent d&#8217;une chambre traditionnelle pour fuguer en amoureux: gr\u00e2ce \u00e0 l&#8217;espace suppl\u00e9mentaire \u00e0 disposition, vous vous sentirez toujours chez vous.&#8221; css_animation=&#8221;fadeInLeft&#8221; max_room=&#8221;4&#8243; el_class=&#8221;camerehome&#8221;][\/vc_column][\/vc_row][vc_row full_width=&#8221;stretch_row_content_no_spaces&#8221; css=&#8221;.vc_custom_1462380165160{margin-top: 0px !important;margin-bottom: 0px !important;border-top-width: 0px !important;border-bottom-width: 0px !important;padding-top: 0px !important;padding-bottom: 0px !important;}&#8221; el_class=&#8221;riga-home2&#8243;][vc_column fit_in_container=&#8221;true&#8221;][moon_room_list style=&#8221;style-2&#8243; max_rooms=&#8221;3&#8243; room_categories=&#8221;apt-borgo-fr&#8221; heading=&#8221;EN FAMILLE&#8221; subheading=&#8221;Nos h\u00e9bergements sont des lieux dans lesquels vous sentirez chez vous pour un weekend ou pour de longues vacances en Toscane. Modernit\u00e9 et commodit\u00e9 se sont fait une place parmi le style rustique caract\u00e9risant nos logements.&#8221; css_animation=&#8221;fadeInLeft&#8221; max_room=&#8221;4&#8243; el_class=&#8221;camerehome&#8221;][\/vc_column][\/vc_row][vc_row full_width=&#8221;stretch_row_content_no_spaces&#8221; css=&#8221;.vc_custom_1464188763607{margin-top: 0px !important;margin-bottom: 0px !important;border-top-width: 0px !important;border-bottom-width: 0px !important;padding-top: 0px !important;padding-bottom: 0px !important;}&#8221; el_class=&#8221;riga-home2&#8243;][vc_column fit_in_container=&#8221;true&#8221;][moon_room_list style=&#8221;style-2&#8243; max_rooms=&#8221;3&#8243; room_categories=&#8221;doppia-fr&#8221; heading=&#8221;EN COUPLE&#8221; subheading=&#8221;Chambre pour 2 personnes de style toscan \u00e9quip\u00e9e d&#8217;une salle de bain priv\u00e9e avec douche. 3 chambres doubles \u00e9quip\u00e9es d&#8217;un lit pour deux personnes et de tout le confort n\u00e9cessaire pour un s\u00e9jour en toute s\u00e9r\u00e9nit\u00e9 sont disponibles. &#8221; css_animation=&#8221;fadeInLeft&#8221; max_room=&#8221;4&#8243; el_class=&#8221;camerehome&#8221;][\/vc_column][\/vc_row][vc_row full_width=&#8221;stretch_row_content_no_spaces&#8221; css=&#8221;.vc_custom_1463217303308{margin-top: 0px !important;margin-bottom: 0px !important;border-top-width: 0px !important;border-bottom-width: 0px !important;padding-top: 0px !important;padding-bottom: 0px !important;}&#8221; el_class=&#8221;riga-home2&#8243;][vc_column fit_in_container=&#8221;true&#8221;][moon_room_list style=&#8221;style-2&#8243; max_rooms=&#8221;3&#8243; room_categories=&#8221;singola-fr&#8221; heading=&#8221;VOYAGE D&#8217;AFFAIRES&#8221; subheading=&#8221;\u00c0 2 km du centre historique d&#8217;Empoli, \u00e0 proximit\u00e9 de la zone d&#8217;affaires et sur la ligne Florence-Pise et Florence-Sienne. Notre chambre simple est id\u00e9ale pour les personnes voyageant seules ou pour le travail. Des chambres doubles pouvant accueillir une seule personne sont \u00e9galement disponibles.&#8221; css_animation=&#8221;fadeInLeft&#8221; max_room=&#8221;4&#8243; el_class=&#8221;singola&#8221;][\/vc_column][\/vc_row][vc_row full_width=&#8221;stretch_row&#8221; css=&#8221;.vc_custom_1462380001294{margin-bottom: 0px !important;border-bottom-width: 0px !important;padding-top: 50px !important;padding-bottom: 30px !important;background-color: #f3f3f3 !important;}&#8221;][vc_column][moon_section_header heading=&#8221;LES SERVICES DU BORGO SAN GIUSTO&#8221; separator_style=&#8221;separator-leaf&#8221; text_alignment=&#8221;text-center&#8221;][vc_row_inner][vc_column_inner width=&#8221;1\/4&#8243;][moon_content_box title=&#8221;RESTAURANT&#8221; decoration=&#8221;triangle&#8221; css_animation=&#8221;zoomIn&#8221; image=&#8221;199&#8243;]Situ\u00e9 \u00e0 l&#8217;int\u00e9rieur du Borgo, le lieu id\u00e9al pour les personnes d\u00e9sirant go\u00fbter des plats respectant les saveurs typiques de la Toscane.[\/moon_content_box][\/vc_column_inner][vc_column_inner width=&#8221;1\/4&#8243;][moon_content_box title=&#8221;PISCINE&#8221; style=&#8221;bottom-up&#8221; decoration=&#8221;triangle&#8221; css_animation=&#8221;zoomIn&#8221; image=&#8221;200&#8243;]Notre piscine priv\u00e9e, au beau milieu de la verdure et \u00e0 quelques pas des chambres et des appartements, vous garantira des moments de relaxation extraordinaire en contact avec la nature. Votre regard sera uniquement attir\u00e9 par le vert de l&#8217;herbe et le bleu de l&#8217;eau et du ciel.[\/moon_content_box][\/vc_column_inner][vc_column_inner width=&#8221;1\/4&#8243;][moon_content_box title=&#8221;WI-FI GRATUIT&#8221; decoration=&#8221;triangle&#8221; css_animation=&#8221;zoomIn&#8221; image=&#8221;465&#8243;]Les chambres et les appartements (\u00e0 l&#8217;exception de la d\u00e9pendance \u00ab Il Leccino \u00bb) disposent d&#8217;une connexion \u00e0 Internet sans fil gratuite \u00e0 laquelle on peut acc\u00e9der en demandant les identifiants \u00e0 la r\u00e9ception.[\/moon_content_box][\/vc_column_inner][vc_column_inner width=&#8221;1\/4&#8243;][moon_content_box title=&#8221;D\u00c9GUSTATION DE VINS&#8221; style=&#8221;bottom-up&#8221; decoration=&#8221;triangle&#8221; css_animation=&#8221;zoomIn&#8221; image=&#8221;329&#8243;]Sur demande, il est possible de participer \u00e0 des sessions de d\u00e9gustation de vins produits directement dans notre ferme, il est \u00e9galement possible de les acheter \u00e0 la r\u00e9ception. Ce service est payant.[\/moon_content_box][\/vc_column_inner][\/vc_row_inner][\/vc_column][\/vc_row][vc_row full_width=&#8221;stretch_row&#8221; trans_bg_opacity=&#8221;0.3&#8243; trans_bg_position=&#8221;center center&#8221; css=&#8221;.vc_custom_1462376923161{padding-top: 40px !important;padding-bottom: 30px !important;background-color: #202935 !important;}&#8221; trans_bg=&#8221;411&#8243;][vc_column][moon_section_header heading=&#8221;AVIS&#8221; separator_style=&#8221;separator-leaf&#8221; text_alignment=&#8221;text-center&#8221; color=&#8221;#ffffff&#8221;][moon_testimonial_slider style=&#8221;horizontal&#8221; emp_color=&#8221;#beac5a&#8221; text_color=&#8221;#ffffff&#8221;][moon_testimonial_item name=&#8221;bra s&#8221; position=&#8221;TripAdvisor Contributor&#8221; avatar=&#8221;1084&#8243;]Le paradis en toute authenticit\u00e9[\/moon_testimonial_item][moon_testimonial_item name=&#8221;Jean-Christophe L&#8221; position=&#8221;TripAdvisor Contributor&#8221; avatar=&#8221;203&#8243;]Vraiment une adresse \u00e0 recommander o\u00f9 nous retournerons c&#8217;est certain ![\/moon_testimonial_item][moon_testimonial_item name=&#8221;Ludo2104&#8243; position=&#8221;TripAdvisor Contributor&#8221; avatar=&#8221;1085&#8243;]Superbe endroit, chambre propre et fonctionnelle, d\u00e9co simple et authentique.[\/moon_testimonial_item][\/moon_testimonial_slider][\/vc_column][\/vc_row]<\/p>\n","protected":false},"excerpt":{"rendered":"<p>[vc_row full_width=&#8221;stretch_row&#8221; full_height=&#8221;yes&#8221; trans_bg_opacity=&#8221;0&#8243; css=&#8221;.vc_custom_1616410412808{padding-top: 70px !important;padding-bottom: 70px !important;background-image: url(https:\/\/www.borgosangiusto.it\/wp-content\/uploads\/2016\/05\/giardino-borgo-san-giusto-empoli17.jpg?id=395) !important;background-position: center !important;background-repeat: no-repeat !important;background-size: cover !important;}&#8221;][vc_column offset=&#8221;vc_col-xs-7&#8243;][\/vc_column][\/vc_row][vc_row full_width=&#8221;stretch_row_content_no_spaces&#8221; content_placement=&#8221;middle&#8221; css=&#8221;.vc_custom_1465838740392{margin-top: 0px !important;margin-bottom: 0px !important;border-top-width: 0px !important;border-bottom-width: 0px !important;padding-top: 50px !important;padding-bottom: 0px !important;background-color: #f3f3f3 !important;}&#8221;][vc_column width=&#8221;1\/6&#8243;][\/vc_column][vc_column width=&#8221;2\/3&#8243;][moon_section_header heading=&#8221;LE BORGO SAN GIUSTO, SUR LES COLLINES D&#8217;EMPOLI, SE TROUVE \u00c0 UNE POSITION STRAT\u00c9GIQUE POUR LES PERSONNES D\u00c9SIRANT [&hellip;]<\/p>\n","protected":false},"author":1,"featured_media":0,"parent":0,"menu_order":0,"comment_status":"closed","ping_status":"closed","template":"","meta":{"footnotes":""},"_links":{"self":[{"href":"https:\/\/www.borgosangiusto.it\/fr\/wp-json\/wp\/v2\/pages\/1060"}],"collection":[{"href":"https:\/\/www.borgosangiusto.it\/fr\/wp-json\/wp\/v2\/pages"}],"about":[{"href":"https:\/\/www.borgosangiusto.it\/fr\/wp-json\/wp\/v2\/types\/page"}],"author":[{"embeddable":true,"href":"https:\/\/www.borgosangiusto.it\/fr\/wp-json\/wp\/v2\/users\/1"}],"replies":[{"embeddable":true,"href":"https:\/\/www.borgosangiusto.it\/fr\/wp-json\/wp\/v2\/comments?post=1060"}],"version-history":[{"count":10,"href":"https:\/\/www.borgosangiusto.it\/fr\/wp-json\/wp\/v2\/pages\/1060\/revisions"}],"predecessor-version":[{"id":1968,"href":"https:\/\/www.borgosangiusto.it\/fr\/wp-json\/wp\/v2\/pages\/1060\/revisions\/1968"}],"wp:attachment":[{"href":"https:\/\/www.borgosangiusto.it\/fr\/wp-json\/wp\/v2\/media?parent=1060"}],"curies":[{"name":"wp","href":"https:\/\/api.w.org\/{rel}","templated":true}]}}